{"id":987,"date":"2020-02-02T19:36:39","date_gmt":"2020-02-03T00:36:39","guid":{"rendered":"http:\/\/globalpovertysolutions.ca\/_sys\/?page_id=987"},"modified":"2020-02-02T19:43:09","modified_gmt":"2020-02-03T00:43:09","slug":"nos-activites","status":"publish","type":"page","link":"https:\/\/globalpovertysolutions.ca\/_sys\/fr\/a-propos\/nos-activites\/","title":{"rendered":"Nos activit\u00e9s"},"content":{"rendered":"\t\t<div data-elementor-type=\"wp-page\" data-elementor-id=\"987\" class=\"elementor elementor-987\">\n\t\t\t\t\t\t<div class=\"elementor-inner\">\n\t\t\t\t<div class=\"elementor-section-wrap\">\n\t\t\t\t\t\t\t\t\t<section class=\"elementor-section elementor-top-section elementor-element elementor-element-d4ab46e elementor-section-full_width elementor-section-height-default elementor-section-height-default\" data-id=\"d4ab46e\" data-element_type=\"section\">\n\t\t\t\t\t\t<div class=\"elementor-container elementor-column-gap-default\">\n\t\t\t\t\t\t\t<div class=\"elementor-row\">\n\t\t\t\t\t<div class=\"elementor-column elementor-col-100 elementor-top-column elementor-element elementor-element-f6e6a36\" data-id=\"f6e6a36\" data-element_type=\"column\">\n\t\t\t<div class=\"elementor-column-wrap elementor-element-populated\">\n\t\t\t\t\t\t\t<div class=\"elementor-widget-wrap\">\n\t\t\t\t\t\t<div class=\"elementor-element elementor-element-220222f elementor-widget elementor-widget-image\" data-id=\"220222f\" data-element_type=\"widget\" data-widget_type=\"image.default\">\n\t\t\t\t<div class=\"elementor-widget-container\">\n\t\t\t\t\t\t\t\t<div class=\"elementor-image\">\n\t\t\t\t\t\t\t\t\t\t\t\t<img width=\"2545\" height=\"826\" src=\"https:\/\/globalpovertysolutions.ca\/_sys\/wp-content\/uploads\/2020\/01\/header-19.jpg\" class=\"attachment-full size-full\" alt=\"\" loading=\"lazy\" srcset=\"https:\/\/globalpovertysolutions.ca\/_sys\/wp-content\/uploads\/2020\/01\/header-19.jpg 2545w, https:\/\/globalpovertysolutions.ca\/_sys\/wp-content\/uploads\/2020\/01\/header-19-300x97.jpg 300w, https:\/\/globalpovertysolutions.ca\/_sys\/wp-content\/uploads\/2020\/01\/header-19-1024x332.jpg 1024w, https:\/\/globalpovertysolutions.ca\/_sys\/wp-content\/uploads\/2020\/01\/header-19-768x249.jpg 768w, https:\/\/globalpovertysolutions.ca\/_sys\/wp-content\/uploads\/2020\/01\/header-19-1536x499.jpg 1536w, https:\/\/globalpovertysolutions.ca\/_sys\/wp-content\/uploads\/2020\/01\/header-19-2048x665.jpg 2048w\" sizes=\"(max-width: 2545px) 100vw, 2545px\" \/>\t\t\t\t\t\t\t\t\t\t\t\t\t\t<\/div>\n\t\t\t\t\t\t<\/div>\n\t\t\t\t<\/div>\n\t\t\t\t\t\t<\/div>\n\t\t\t\t\t<\/div>\n\t\t<\/div>\n\t\t\t\t\t\t\t\t<\/div>\n\t\t\t\t\t<\/div>\n\t\t<\/section>\n\t\t\t\t<section class=\"elementor-section elementor-top-section elementor-element elementor-element-e0d85c4 elementor-section-boxed elementor-section-height-default elementor-section-height-default\" data-id=\"e0d85c4\" data-element_type=\"section\">\n\t\t\t\t\t\t<div class=\"elementor-container elementor-column-gap-default\">\n\t\t\t\t\t\t\t<div class=\"elementor-row\">\n\t\t\t\t\t<div class=\"elementor-column elementor-col-100 elementor-top-column elementor-element elementor-element-b28f7de\" data-id=\"b28f7de\" data-element_type=\"column\">\n\t\t\t<div class=\"elementor-column-wrap elementor-element-populated\">\n\t\t\t\t\t\t\t<div class=\"elementor-widget-wrap\">\n\t\t\t\t\t\t<div class=\"elementor-element elementor-element-760f4c4 elementor-widget elementor-widget-heading\" data-id=\"760f4c4\" data-element_type=\"widget\" data-widget_type=\"heading.default\">\n\t\t\t\t<div class=\"elementor-widget-container\">\n\t\t\t<h2 class=\"elementor-heading-title elementor-size-default\">Nos activit\u00e9s<\/h2>\t\t<\/div>\n\t\t\t\t<\/div>\n\t\t\t\t<div class=\"elementor-element elementor-element-38a9c3f elementor-widget elementor-widget-text-editor\" data-id=\"38a9c3f\" data-element_type=\"widget\" data-widget_type=\"text-editor.default\">\n\t\t\t\t<div class=\"elementor-widget-container\">\n\t\t\t\t\t\t\t\t<div class=\"elementor-text-editor elementor-clearfix\">\n\t\t\t\t<ul><li>Mener des recherches sur les causes de la pauvret\u00e9 et ses cons\u00e9quences, ainsi que sur les solutions concr\u00e8tes rentables pour lutter contre la pauvret\u00e9<\/li><li>Faire des recherches sur la contribution du Canada lorsqu\u2019il s\u2019agit de r\u00e9gler les probl\u00e8mes de pauvret\u00e9 dans le monde.<\/li><li>Publier, promouvoir, partager et diffuser les r\u00e9sultats de nos recherches pour sensibiliser les Canadiens et pour \u00e9clairer le d\u00e9bat et le dialogue sur les enjeux de d\u00e9veloppement international.<\/li><li>Sensibiliser les groupes communautaires et le grand public afin que les gens comprennent mieux les causes et les cons\u00e9quences des diff\u00e9rents aspects de la pauvret\u00e9 dans le monde ainsi que les solutions \u00e9prouv\u00e9es connexes.<\/li><li>Cr\u00e9er des liens et renforcer des r\u00e9seaux avec des particuliers et des organisations qui font un travail similaire.<\/li><\/ul>\t\t\t\t\t<\/div>\n\t\t\t\t\t\t<\/div>\n\t\t\t\t<\/div>\n\t\t\t\t\t\t<\/div>\n\t\t\t\t\t<\/div>\n\t\t<\/div>\n\t\t\t\t\t\t\t\t<\/div>\n\t\t\t\t\t<\/div>\n\t\t<\/section>\n\t\t\t\t\t\t\t\t\t<\/div>\n\t\t\t<\/div>\n\t\t\t\t\t<\/div>\n\t\t","protected":false},"excerpt":{"rendered":"<p>Nos activit\u00e9s Mener des recherches sur les causes de la pauvret\u00e9 et ses cons\u00e9quences, ainsi que sur les solutions concr\u00e8tes rentables pour lutter contre la pauvret\u00e9 Faire des recherches sur la contribution du Canada lorsqu\u2019il s\u2019agit de r\u00e9gler les probl\u00e8mes de pauvret\u00e9 dans le monde. Publier, promouvoir, partager et diffuser les r\u00e9sultats de nos recherches [&hellip;]<\/p>\n","protected":false},"author":1,"featured_media":0,"parent":947,"menu_order":0,"comment_status":"closed","ping_status":"closed","template":"elementor_header_footer","meta":[],"_links":{"self":[{"href":"https:\/\/globalpovertysolutions.ca\/_sys\/wp-json\/wp\/v2\/pages\/987"}],"collection":[{"href":"https:\/\/globalpovertysolutions.ca\/_sys\/wp-json\/wp\/v2\/pages"}],"about":[{"href":"https:\/\/globalpovertysolutions.ca\/_sys\/wp-json\/wp\/v2\/types\/page"}],"author":[{"embeddable":true,"href":"https:\/\/globalpovertysolutions.ca\/_sys\/wp-json\/wp\/v2\/users\/1"}],"replies":[{"embeddable":true,"href":"https:\/\/globalpovertysolutions.ca\/_sys\/wp-json\/wp\/v2\/comments?post=987"}],"version-history":[{"count":2,"href":"https:\/\/globalpovertysolutions.ca\/_sys\/wp-json\/wp\/v2\/pages\/987\/revisions"}],"predecessor-version":[{"id":991,"href":"https:\/\/globalpovertysolutions.ca\/_sys\/wp-json\/wp\/v2\/pages\/987\/revisions\/991"}],"up":[{"embeddable":true,"href":"https:\/\/globalpovertysolutions.ca\/_sys\/wp-json\/wp\/v2\/pages\/947"}],"wp:attachment":[{"href":"https:\/\/globalpovertysolutions.ca\/_sys\/wp-json\/wp\/v2\/media?parent=987"}],"curies":[{"name":"wp","href":"https:\/\/api.w.org\/{rel}","templated":true}]}}