{"id":971,"date":"2020-02-02T19:32:26","date_gmt":"2020-02-03T00:32:26","guid":{"rendered":"http:\/\/globalpovertysolutions.ca\/_sys\/?page_id=971"},"modified":"2020-02-05T22:13:22","modified_gmt":"2020-02-06T03:13:22","slug":"plans-dauto-apprentissage","status":"publish","type":"page","link":"https:\/\/globalpovertysolutions.ca\/_sys\/fr\/plans-dauto-apprentissage\/","title":{"rendered":"Plans d\u2019auto-apprentissage"},"content":{"rendered":"\t\t<div data-elementor-type=\"wp-page\" data-elementor-id=\"971\" class=\"elementor elementor-971\">\n\t\t\t\t\t\t<div class=\"elementor-inner\">\n\t\t\t\t<div class=\"elementor-section-wrap\">\n\t\t\t\t\t\t\t\t\t<section class=\"elementor-section elementor-top-section elementor-element elementor-element-d4ab46e elementor-section-full_width elementor-section-height-default elementor-section-height-default\" data-id=\"d4ab46e\" data-element_type=\"section\">\n\t\t\t\t\t\t<div class=\"elementor-container elementor-column-gap-default\">\n\t\t\t\t\t\t\t<div class=\"elementor-row\">\n\t\t\t\t\t<div class=\"elementor-column elementor-col-100 elementor-top-column elementor-element elementor-element-f6e6a36\" data-id=\"f6e6a36\" data-element_type=\"column\">\n\t\t\t<div class=\"elementor-column-wrap elementor-element-populated\">\n\t\t\t\t\t\t\t<div class=\"elementor-widget-wrap\">\n\t\t\t\t\t\t<div class=\"elementor-element elementor-element-e7ceee8 elementor-widget elementor-widget-image\" data-id=\"e7ceee8\" data-element_type=\"widget\" data-widget_type=\"image.default\">\n\t\t\t\t<div class=\"elementor-widget-container\">\n\t\t\t\t\t\t\t\t<div class=\"elementor-image\">\n\t\t\t\t\t\t\t\t\t\t\t\t<img width=\"2545\" height=\"826\" src=\"https:\/\/globalpovertysolutions.ca\/_sys\/wp-content\/uploads\/2020\/01\/header-18.jpg\" class=\"attachment-full size-full\" alt=\"\" loading=\"lazy\" srcset=\"https:\/\/globalpovertysolutions.ca\/_sys\/wp-content\/uploads\/2020\/01\/header-18.jpg 2545w, https:\/\/globalpovertysolutions.ca\/_sys\/wp-content\/uploads\/2020\/01\/header-18-300x97.jpg 300w, https:\/\/globalpovertysolutions.ca\/_sys\/wp-content\/uploads\/2020\/01\/header-18-1024x332.jpg 1024w, https:\/\/globalpovertysolutions.ca\/_sys\/wp-content\/uploads\/2020\/01\/header-18-768x249.jpg 768w, https:\/\/globalpovertysolutions.ca\/_sys\/wp-content\/uploads\/2020\/01\/header-18-1536x499.jpg 1536w, https:\/\/globalpovertysolutions.ca\/_sys\/wp-content\/uploads\/2020\/01\/header-18-2048x665.jpg 2048w\" sizes=\"(max-width: 2545px) 100vw, 2545px\" \/>\t\t\t\t\t\t\t\t\t\t\t\t\t\t<\/div>\n\t\t\t\t\t\t<\/div>\n\t\t\t\t<\/div>\n\t\t\t\t\t\t<\/div>\n\t\t\t\t\t<\/div>\n\t\t<\/div>\n\t\t\t\t\t\t\t\t<\/div>\n\t\t\t\t\t<\/div>\n\t\t<\/section>\n\t\t\t\t<section class=\"elementor-section elementor-top-section elementor-element elementor-element-e0d85c4 elementor-section-boxed elementor-section-height-default elementor-section-height-default\" data-id=\"e0d85c4\" data-element_type=\"section\">\n\t\t\t\t\t\t<div class=\"elementor-container elementor-column-gap-default\">\n\t\t\t\t\t\t\t<div class=\"elementor-row\">\n\t\t\t\t\t<div class=\"elementor-column elementor-col-100 elementor-top-column elementor-element elementor-element-b28f7de\" data-id=\"b28f7de\" data-element_type=\"column\">\n\t\t\t<div class=\"elementor-column-wrap elementor-element-populated\">\n\t\t\t\t\t\t\t<div class=\"elementor-widget-wrap\">\n\t\t\t\t\t\t<div class=\"elementor-element elementor-element-760f4c4 elementor-widget elementor-widget-heading\" data-id=\"760f4c4\" data-element_type=\"widget\" data-widget_type=\"heading.default\">\n\t\t\t\t<div class=\"elementor-widget-container\">\n\t\t\t<h2 class=\"elementor-heading-title elementor-size-default\">A propos des plans d\u2019auto-apprentissage<\/h2>\t\t<\/div>\n\t\t\t\t<\/div>\n\t\t\t\t<div class=\"elementor-element elementor-element-38a9c3f elementor-widget elementor-widget-text-editor\" data-id=\"38a9c3f\" data-element_type=\"widget\" data-widget_type=\"text-editor.default\">\n\t\t\t\t<div class=\"elementor-widget-container\">\n\t\t\t\t\t\t\t\t<div class=\"elementor-text-editor elementor-clearfix\">\n\t\t\t\t<p class=\"ydpbb20f1ccyiv9156579013MsoNormal\">Tout le contenu sur le site de Solutions \u00e0 la Pauvret\u00e9 Mondiale a un objectif \u00e9ducatif.\u00a0<\/p><p class=\"ydpbb20f1ccyiv9156579013MsoNormal\">Il est con\u00e7u et structur\u00e9 avec des objectifs d\u2019apprentissage clairs et de mani\u00e8re \u00e0 pouvoir \u00eatre assimil\u00e9 facilement.\u00a0<\/p><p class=\"ydpbb20f1ccyiv9156579013MsoNormal\">Chacun des th\u00e8mes a \u00e9t\u00e9 s\u00e9lectionn\u00e9 pour permettre l\u2019approfondissement des causes et des manifestations de la pauvret\u00e9 extr\u00eame et\/ou pour exposer des solutions cl\u00e9s qui ont fait leur preuve dans la lutte \u00e0 la pauvret\u00e9 extr\u00eame.<\/p><p class=\"ydpbb20f1ccyiv9156579013MsoNormal\">\u00c0 la fin de la plupart des sujets, le lecteur \/ l&#8217;apprenant trouvera une section pour l&#8217;aider \u00e0<\/p><p class=\"ydpbb20f1ccyiv9156579013MsoNormal\">-pouvoir expliquer pourquoi le sujet en question est particuli\u00e8rement pertinent dans le contexte de la lutte \u00e0 la pauvret\u00e9 extr\u00eame<\/p><p class=\"ydpbb20f1ccyiv9156579013MsoNormal\">&#8211; articuler les points cl\u00e9s et saillants qui favorisent la compr\u00e9hension de la pauvret\u00e9 extr\u00eame et \/ ou r\u00e9sument les fa\u00e7ons dont une intervention particuli\u00e8re est un moyen efficace de lutter contre la pauvret\u00e9 extr\u00eame<\/p><p class=\"ydpbb20f1ccyiv9156579013MsoNormal\">La section d&#8217;auto-apprentissage \u00e0 la fin de chaque sujet se pr\u00e9sente sous la forme de questions qui renvoient le lecteur \u00e0 divers points d&#8217;un document donn\u00e9. L&#8217;ordre des questions permet au lecteur de structurer son raisonnement et donc de comprendre les liens logiques entre les diff\u00e9rents \u00e9l\u00e9ments d&#8217;information.<\/p>\t\t\t\t\t<\/div>\n\t\t\t\t\t\t<\/div>\n\t\t\t\t<\/div>\n\t\t\t\t\t\t<\/div>\n\t\t\t\t\t<\/div>\n\t\t<\/div>\n\t\t\t\t\t\t\t\t<\/div>\n\t\t\t\t\t<\/div>\n\t\t<\/section>\n\t\t\t\t\t\t\t\t\t<\/div>\n\t\t\t<\/div>\n\t\t\t\t\t<\/div>\n\t\t","protected":false},"excerpt":{"rendered":"<p>A propos des plans d\u2019auto-apprentissage Tout le contenu sur le site de Solutions \u00e0 la Pauvret\u00e9 Mondiale a un objectif \u00e9ducatif.\u00a0 Il est con\u00e7u et structur\u00e9 avec des objectifs d\u2019apprentissage clairs et de mani\u00e8re \u00e0 pouvoir \u00eatre assimil\u00e9 facilement.\u00a0 Chacun des th\u00e8mes a \u00e9t\u00e9 s\u00e9lectionn\u00e9 pour permettre l\u2019approfondissement des causes et des manifestations de la [&hellip;]<\/p>\n","protected":false},"author":1,"featured_media":0,"parent":0,"menu_order":0,"comment_status":"closed","ping_status":"closed","template":"elementor_header_footer","meta":[],"_links":{"self":[{"href":"https:\/\/globalpovertysolutions.ca\/_sys\/wp-json\/wp\/v2\/pages\/971"}],"collection":[{"href":"https:\/\/globalpovertysolutions.ca\/_sys\/wp-json\/wp\/v2\/pages"}],"about":[{"href":"https:\/\/globalpovertysolutions.ca\/_sys\/wp-json\/wp\/v2\/types\/page"}],"author":[{"embeddable":true,"href":"https:\/\/globalpovertysolutions.ca\/_sys\/wp-json\/wp\/v2\/users\/1"}],"replies":[{"embeddable":true,"href":"https:\/\/globalpovertysolutions.ca\/_sys\/wp-json\/wp\/v2\/comments?post=971"}],"version-history":[{"count":2,"href":"https:\/\/globalpovertysolutions.ca\/_sys\/wp-json\/wp\/v2\/pages\/971\/revisions"}],"predecessor-version":[{"id":1041,"href":"https:\/\/globalpovertysolutions.ca\/_sys\/wp-json\/wp\/v2\/pages\/971\/revisions\/1041"}],"wp:attachment":[{"href":"https:\/\/globalpovertysolutions.ca\/_sys\/wp-json\/wp\/v2\/media?parent=971"}],"curies":[{"name":"wp","href":"https:\/\/api.w.org\/{rel}","templated":true}]}}