{"id":963,"date":"2020-02-02T19:30:19","date_gmt":"2020-02-03T00:30:19","guid":{"rendered":"http:\/\/globalpovertysolutions.ca\/_sys\/?page_id=963"},"modified":"2020-11-10T22:24:56","modified_gmt":"2020-11-11T03:24:56","slug":"education","status":"publish","type":"page","link":"https:\/\/globalpovertysolutions.ca\/_sys\/fr\/informez-vous\/education\/","title":{"rendered":"\u00c9ducation"},"content":{"rendered":"\t\t<div data-elementor-type=\"wp-page\" data-elementor-id=\"963\" class=\"elementor elementor-963\">\n\t\t\t\t\t\t<div class=\"elementor-inner\">\n\t\t\t\t<div class=\"elementor-section-wrap\">\n\t\t\t\t\t\t\t\t\t<section class=\"elementor-section elementor-top-section elementor-element elementor-element-1a92231 elementor-section-full_width elementor-section-height-default elementor-section-height-default\" data-id=\"1a92231\" data-element_type=\"section\" data-settings=\"{&quot;background_background&quot;:&quot;classic&quot;}\">\n\t\t\t\t\t\t<div class=\"elementor-container elementor-column-gap-default\">\n\t\t\t\t\t\t\t<div class=\"elementor-row\">\n\t\t\t\t\t<div class=\"elementor-column elementor-col-100 elementor-top-column elementor-element elementor-element-300c286\" data-id=\"300c286\" data-element_type=\"column\">\n\t\t\t<div class=\"elementor-column-wrap elementor-element-populated\">\n\t\t\t\t\t\t\t<div class=\"elementor-widget-wrap\">\n\t\t\t\t\t\t<div class=\"elementor-element elementor-element-d65ee20 elementor-widget elementor-widget-spacer\" data-id=\"d65ee20\" data-element_type=\"widget\" data-widget_type=\"spacer.default\">\n\t\t\t\t<div class=\"elementor-widget-container\">\n\t\t\t\t\t<div class=\"elementor-spacer\">\n\t\t\t<div class=\"elementor-spacer-inner\"><\/div>\n\t\t<\/div>\n\t\t\t\t<\/div>\n\t\t\t\t<\/div>\n\t\t\t\t<section class=\"elementor-section elementor-inner-section elementor-element elementor-element-d723806 elementor-section-boxed elementor-section-height-default elementor-section-height-default\" data-id=\"d723806\" data-element_type=\"section\">\n\t\t\t\t\t\t\t<div class=\"elementor-background-overlay\"><\/div>\n\t\t\t\t\t\t\t<div class=\"elementor-container elementor-column-gap-default\">\n\t\t\t\t\t\t\t<div class=\"elementor-row\">\n\t\t\t\t\t<div class=\"elementor-column elementor-col-100 elementor-inner-column elementor-element elementor-element-4065876\" data-id=\"4065876\" data-element_type=\"column\" data-settings=\"{&quot;background_background&quot;:&quot;classic&quot;}\">\n\t\t\t<div class=\"elementor-column-wrap elementor-element-populated\">\n\t\t\t\t\t<div class=\"elementor-background-overlay\"><\/div>\n\t\t\t\t\t\t\t<div class=\"elementor-widget-wrap\">\n\t\t\t\t\t\t<div class=\"elementor-element elementor-element-ccc7c5b elementor-widget elementor-widget-text-editor\" data-id=\"ccc7c5b\" data-element_type=\"widget\" data-widget_type=\"text-editor.default\">\n\t\t\t\t<div class=\"elementor-widget-container\">\n\t\t\t\t\t\t\t\t<div class=\"elementor-text-editor elementor-clearfix\">\n\t\t\t\t<p><b><i>Mise \u00e0 jour\u00a0: COVID-19<\/i><\/b>\u00a0&#8211; La pand\u00e9mie du coronavirus a d\u00e9clench\u00e9 une crise de l&#8217;\u00e9ducation d&#8217;une ampleur sans pr\u00e9c\u00e9dent depuis le d\u00e9but des confinements dans le monde en mars et avril. Fin octobre, plus de 600 millions d&#8217;enfants n\u2019\u00e9taient toujours pas retourn\u00e9s dans leurs salles de classe, la plupart dans les pays en d\u00e9veloppement. (https:\/\/en.unesco.org\/covid19\/educationresponse) Cela signifie une r\u00e9duction des r\u00e9sultats d&#8217;apprentissage et tr\u00e8s probablement une augmentation des abandons scolaires, en particulier chez les filles. On s\u2019attend \u00e0 ce que cela se traduise par plus de 7 millions de mariages d&#8217;enfants (\u00a0<a href=\"https:\/\/www.unfpa.org\/sites\/default\/files\/resource-pdf\/COVID-19_impact_brief_for_UNFPA_24_April_2020_1.pdf\" target=\"_blank\" rel=\"nofollow noopener\">https:\/\/www.unfpa.org\/sites\/default\/files\/resource-pdf\/COVID-19_impact_brief_for_UNFPA_24_April_2020_1.pdf<\/a>).\u00a0 Le\u00a0<b>Partenariat mondial pour l\u2019Education<\/b>\u00a0\u00a0a d\u00e9cid\u00e9 de r\u00e9pondre \u00e0 ce d\u00e9fi.<\/p>\t\t\t\t\t<\/div>\n\t\t\t\t\t\t<\/div>\n\t\t\t\t<\/div>\n\t\t\t\t\t\t<\/div>\n\t\t\t\t\t<\/div>\n\t\t<\/div>\n\t\t\t\t\t\t\t\t<\/div>\n\t\t\t\t\t<\/div>\n\t\t<\/section>\n\t\t\t\t<div class=\"elementor-element elementor-element-20906e6 elementor-widget elementor-widget-spacer\" data-id=\"20906e6\" data-element_type=\"widget\" data-widget_type=\"spacer.default\">\n\t\t\t\t<div class=\"elementor-widget-container\">\n\t\t\t\t\t<div class=\"elementor-spacer\">\n\t\t\t<div class=\"elementor-spacer-inner\"><\/div>\n\t\t<\/div>\n\t\t\t\t<\/div>\n\t\t\t\t<\/div>\n\t\t\t\t\t\t<\/div>\n\t\t\t\t\t<\/div>\n\t\t<\/div>\n\t\t\t\t\t\t\t\t<\/div>\n\t\t\t\t\t<\/div>\n\t\t<\/section>\n\t\t\t\t<section class=\"elementor-section elementor-top-section elementor-element elementor-element-e0d85c4 elementor-section-boxed elementor-section-height-default elementor-section-height-default\" data-id=\"e0d85c4\" data-element_type=\"section\">\n\t\t\t\t\t\t<div class=\"elementor-container elementor-column-gap-default\">\n\t\t\t\t\t\t\t<div class=\"elementor-row\">\n\t\t\t\t\t<div class=\"elementor-column elementor-col-100 elementor-top-column elementor-element elementor-element-b28f7de\" data-id=\"b28f7de\" data-element_type=\"column\">\n\t\t\t<div class=\"elementor-column-wrap elementor-element-populated\">\n\t\t\t\t\t\t\t<div class=\"elementor-widget-wrap\">\n\t\t\t\t\t\t<div class=\"elementor-element elementor-element-760f4c4 elementor-widget elementor-widget-heading\" data-id=\"760f4c4\" data-element_type=\"widget\" data-widget_type=\"heading.default\">\n\t\t\t\t<div class=\"elementor-widget-container\">\n\t\t\t<h2 class=\"elementor-heading-title elementor-size-default\">\u00c9ducation<\/h2>\t\t<\/div>\n\t\t\t\t<\/div>\n\t\t\t\t<div class=\"elementor-element elementor-element-38a9c3f elementor-widget elementor-widget-text-editor\" data-id=\"38a9c3f\" data-element_type=\"widget\" data-widget_type=\"text-editor.default\">\n\t\t\t\t<div class=\"elementor-widget-container\">\n\t\t\t\t\t\t\t\t<div class=\"elementor-text-editor elementor-clearfix\">\n\t\t\t\tLe manque d&#8217;\u00e9ducation est un indicateur de pauvret\u00e9. C&#8217;est \u00e9galement un facteur cl\u00e9 dans la transmission interg\u00e9n\u00e9rationnelle de la pauvret\u00e9. Heureusement, \u00e0 l&#8217;inverse, aucun enfant n\u00e9 d&#8217;une m\u00e8re alphab\u00e9tis\u00e9e restera illettr\u00e9.\n\nLe manque d&#8217;\u00e9ducation touche plus les filles que les gar\u00e7ons: les filles ont 50% plus de chances de ne jamais mettre les pieds dans une salle de classe que les gar\u00e7ons.\n\nLes solutions sont claires :\n<ul>\n \t<li>Plus de classes et d\u2019enseignants<\/li>\n \t<li>Former les enseignants<\/li>\n \t<li>Fournir des latrines en milieu scolaire<\/li>\n \t<li>Porter une attention sp\u00e9ciale aux filles<\/li>\n<\/ul>\nLe <a href=\"\/_sys\/wp-content\/uploads\/2020\/01\/GPS-Education-GPE-1_fr.pdf\" target=\"_blank\" rel=\"noopener\"><span class='tooltipsall tooltip_post_id_1061 classtoolTips24'>Partenariat Mondial<\/span><\/a> pour l\u2019\u00c9ducation a une feuille de route qui justifie l\u2019enthousiasme de la communaut\u00e9 international, avec des accroissements marqu\u00e9s de la scolarisation, en particulier chez les filles. Le <a href=\"\/_sys\/wp-content\/uploads\/2020\/01\/The-International-Finance-Facility-for-Education-1_fr.pdf\" target=\"_blank\" rel=\"noopener\"><span class='tooltipsall tooltip_post_id_1062 classtoolTips3'>M\u00e9canisme de Financement de l\u2019\u00c9ducation<\/span><\/a> a \u00e9t\u00e9 lanc\u00e9 pour relever un d\u00e9fi similaire dans les pays \u00e0 revenu moyen o\u00f9 des zones de grande pauvret\u00e9 subsistent. Malheureusement, <a href=\"\/_sys\/wp-content\/uploads\/2020\/01\/Canadian-Funding-for-Global-Education-2019_fr.pdf\" target=\"_blank\" rel=\"noopener\"><span class='tooltipsall tooltip_post_id_1063 classtoolTips2'>la contribution canadienne \u00e0 l\u2019\u00e9ducation mondiale<\/span><\/a>, en particulier \u00e0 <a href=\"\/_sys\/wp-content\/uploads\/2020\/01\/GPS-Update-on-Canadian-BasicEd-1_fr.pdf\" target=\"_blank\" rel=\"noopener\"><span class='tooltipsall tooltip_post_id_1064 classtoolTips20'>l\u2019\u00e9ducation de base<\/span><\/a>, ne semble pas \u00e0 la hauteur du d\u00e9fi.\t\t\t\t\t<\/div>\n\t\t\t\t\t\t<\/div>\n\t\t\t\t<\/div>\n\t\t\t\t<div class=\"elementor-element elementor-element-a0db7be elementor-widget elementor-widget-heading\" data-id=\"a0db7be\" data-element_type=\"widget\" data-widget_type=\"heading.default\">\n\t\t\t\t<div class=\"elementor-widget-container\">\n\t\t\t<h2 class=\"elementor-heading-title elementor-size-default\">Documents de reference- cl\u00e9s<\/h2>\t\t<\/div>\n\t\t\t\t<\/div>\n\t\t\t\t<section class=\"elementor-section elementor-inner-section elementor-element elementor-element-27b7134 elementor-section-boxed elementor-section-height-default elementor-section-height-default\" data-id=\"27b7134\" data-element_type=\"section\">\n\t\t\t\t\t\t<div class=\"elementor-container elementor-column-gap-default\">\n\t\t\t\t\t\t\t<div class=\"elementor-row\">\n\t\t\t\t\t<div class=\"elementor-column elementor-col-50 elementor-inner-column elementor-element elementor-element-fed3ea3\" data-id=\"fed3ea3\" data-element_type=\"column\">\n\t\t\t<div class=\"elementor-column-wrap elementor-element-populated\">\n\t\t\t\t\t\t\t<div class=\"elementor-widget-wrap\">\n\t\t\t\t\t\t<div class=\"elementor-element elementor-element-93654e9 elementor-widget elementor-widget-image\" data-id=\"93654e9\" data-element_type=\"widget\" data-widget_type=\"image.default\">\n\t\t\t\t<div class=\"elementor-widget-container\">\n\t\t\t\t\t\t\t\t<div class=\"elementor-image\">\n\t\t\t\t\t\t\t\t\t\t\t\t\t<a href=\"\/_sys\/wp-content\/uploads\/2020\/01\/GPS-What-we-know-about-acute-poverty.pdf\">\n\t\t\t\t\t\t\t<img width=\"490\" height=\"583\" src=\"https:\/\/globalpovertysolutions.ca\/_sys\/wp-content\/uploads\/2020\/01\/icon-pdf.png\" class=\"attachment-large size-large\" alt=\"\" loading=\"lazy\" srcset=\"https:\/\/globalpovertysolutions.ca\/_sys\/wp-content\/uploads\/2020\/01\/icon-pdf.png 490w, https:\/\/globalpovertysolutions.ca\/_sys\/wp-content\/uploads\/2020\/01\/icon-pdf-252x300.png 252w\" sizes=\"(max-width: 490px) 100vw, 490px\" \/>\t\t\t\t\t\t\t\t<\/a>\n\t\t\t\t\t\t\t\t\t\t\t\t\t\t<\/div>\n\t\t\t\t\t\t<\/div>\n\t\t\t\t<\/div>\n\t\t\t\t\t\t<\/div>\n\t\t\t\t\t<\/div>\n\t\t<\/div>\n\t\t\t\t<div class=\"elementor-column elementor-col-50 elementor-inner-column elementor-element elementor-element-82f457d\" data-id=\"82f457d\" data-element_type=\"column\">\n\t\t\t<div class=\"elementor-column-wrap elementor-element-populated\">\n\t\t\t\t\t\t\t<div class=\"elementor-widget-wrap\">\n\t\t\t\t\t\t<div class=\"elementor-element elementor-element-9ad4ed1 elementor-widget elementor-widget-heading\" data-id=\"9ad4ed1\" data-element_type=\"widget\" data-widget_type=\"heading.default\">\n\t\t\t\t<div class=\"elementor-widget-container\">\n\t\t\t<h2 class=\"elementor-heading-title elementor-size-default\"><span class='tooltipsall tooltip_post_id_1061 classtoolTips24'>Partenariat Mondial<\/span> pour l\u2019\u00c9ducation<\/h2>\t\t<\/div>\n\t\t\t\t<\/div>\n\t\t\t\t<div class=\"elementor-element elementor-element-f16d2dd elementor-widget elementor-widget-heading\" data-id=\"f16d2dd\" data-element_type=\"widget\" data-widget_type=\"heading.default\">\n\t\t\t\t<div class=\"elementor-widget-container\">\n\t\t\t<h2 class=\"elementor-heading-title elementor-size-default\"><a href=\"\/_sys\/wp-content\/uploads\/2020\/01\/GPS-Education-GPE-1_fr.pdf\">Download PDF<\/a><\/h2>\t\t<\/div>\n\t\t\t\t<\/div>\n\t\t\t\t\t\t<\/div>\n\t\t\t\t\t<\/div>\n\t\t<\/div>\n\t\t\t\t\t\t\t\t<\/div>\n\t\t\t\t\t<\/div>\n\t\t<\/section>\n\t\t\t\t<section class=\"elementor-section elementor-inner-section elementor-element elementor-element-f2a6fef elementor-section-boxed elementor-section-height-default elementor-section-height-default\" data-id=\"f2a6fef\" data-element_type=\"section\">\n\t\t\t\t\t\t<div class=\"elementor-container elementor-column-gap-default\">\n\t\t\t\t\t\t\t<div class=\"elementor-row\">\n\t\t\t\t\t<div class=\"elementor-column elementor-col-50 elementor-inner-column elementor-element elementor-element-b7114e7\" data-id=\"b7114e7\" data-element_type=\"column\">\n\t\t\t<div class=\"elementor-column-wrap elementor-element-populated\">\n\t\t\t\t\t\t\t<div class=\"elementor-widget-wrap\">\n\t\t\t\t\t\t<div class=\"elementor-element elementor-element-f05f476 elementor-widget elementor-widget-image\" data-id=\"f05f476\" data-element_type=\"widget\" data-widget_type=\"image.default\">\n\t\t\t\t<div class=\"elementor-widget-container\">\n\t\t\t\t\t\t\t\t<div class=\"elementor-image\">\n\t\t\t\t\t\t\t\t\t\t\t\t\t<a href=\"\/_sys\/wp-content\/uploads\/2020\/01\/GPS-What-we-know-about-acute-poverty.pdf\">\n\t\t\t\t\t\t\t<img width=\"490\" height=\"583\" src=\"https:\/\/globalpovertysolutions.ca\/_sys\/wp-content\/uploads\/2020\/01\/icon-pdf.png\" class=\"attachment-large size-large\" alt=\"\" loading=\"lazy\" srcset=\"https:\/\/globalpovertysolutions.ca\/_sys\/wp-content\/uploads\/2020\/01\/icon-pdf.png 490w, https:\/\/globalpovertysolutions.ca\/_sys\/wp-content\/uploads\/2020\/01\/icon-pdf-252x300.png 252w\" sizes=\"(max-width: 490px) 100vw, 490px\" \/>\t\t\t\t\t\t\t\t<\/a>\n\t\t\t\t\t\t\t\t\t\t\t\t\t\t<\/div>\n\t\t\t\t\t\t<\/div>\n\t\t\t\t<\/div>\n\t\t\t\t\t\t<\/div>\n\t\t\t\t\t<\/div>\n\t\t<\/div>\n\t\t\t\t<div class=\"elementor-column elementor-col-50 elementor-inner-column elementor-element elementor-element-691abe5\" data-id=\"691abe5\" data-element_type=\"column\">\n\t\t\t<div class=\"elementor-column-wrap elementor-element-populated\">\n\t\t\t\t\t\t\t<div class=\"elementor-widget-wrap\">\n\t\t\t\t\t\t<div class=\"elementor-element elementor-element-a233407 elementor-widget elementor-widget-heading\" data-id=\"a233407\" data-element_type=\"widget\" data-widget_type=\"heading.default\">\n\t\t\t\t<div class=\"elementor-widget-container\">\n\t\t\t<h2 class=\"elementor-heading-title elementor-size-default\"><span class='tooltipsall tooltip_post_id_1062 classtoolTips3'>M\u00e9canisme de Financement de l\u2019\u00c9ducation<\/span><\/h2>\t\t<\/div>\n\t\t\t\t<\/div>\n\t\t\t\t<div class=\"elementor-element elementor-element-563b773 elementor-widget elementor-widget-heading\" data-id=\"563b773\" data-element_type=\"widget\" data-widget_type=\"heading.default\">\n\t\t\t\t<div class=\"elementor-widget-container\">\n\t\t\t<h2 class=\"elementor-heading-title elementor-size-default\"><a href=\"\/_sys\/wp-content\/uploads\/2020\/01\/The-International-Finance-Facility-for-Education-1_fr.pdf\">Download PDF<\/a><\/h2>\t\t<\/div>\n\t\t\t\t<\/div>\n\t\t\t\t\t\t<\/div>\n\t\t\t\t\t<\/div>\n\t\t<\/div>\n\t\t\t\t\t\t\t\t<\/div>\n\t\t\t\t\t<\/div>\n\t\t<\/section>\n\t\t\t\t<section class=\"elementor-section elementor-inner-section elementor-element elementor-element-a8a469a elementor-section-boxed elementor-section-height-default elementor-section-height-default\" data-id=\"a8a469a\" data-element_type=\"section\">\n\t\t\t\t\t\t<div class=\"elementor-container elementor-column-gap-default\">\n\t\t\t\t\t\t\t<div class=\"elementor-row\">\n\t\t\t\t\t<div class=\"elementor-column elementor-col-50 elementor-inner-column elementor-element elementor-element-8a93ce1\" data-id=\"8a93ce1\" data-element_type=\"column\">\n\t\t\t<div class=\"elementor-column-wrap elementor-element-populated\">\n\t\t\t\t\t\t\t<div class=\"elementor-widget-wrap\">\n\t\t\t\t\t\t<div class=\"elementor-element elementor-element-a1cee90 elementor-widget elementor-widget-image\" data-id=\"a1cee90\" data-element_type=\"widget\" data-widget_type=\"image.default\">\n\t\t\t\t<div class=\"elementor-widget-container\">\n\t\t\t\t\t\t\t\t<div class=\"elementor-image\">\n\t\t\t\t\t\t\t\t\t\t\t\t\t<a href=\"\/_sys\/wp-content\/uploads\/2020\/01\/GPS-What-we-know-about-acute-poverty.pdf\">\n\t\t\t\t\t\t\t<img width=\"490\" height=\"583\" src=\"https:\/\/globalpovertysolutions.ca\/_sys\/wp-content\/uploads\/2020\/01\/icon-pdf.png\" class=\"attachment-large size-large\" alt=\"\" loading=\"lazy\" srcset=\"https:\/\/globalpovertysolutions.ca\/_sys\/wp-content\/uploads\/2020\/01\/icon-pdf.png 490w, https:\/\/globalpovertysolutions.ca\/_sys\/wp-content\/uploads\/2020\/01\/icon-pdf-252x300.png 252w\" sizes=\"(max-width: 490px) 100vw, 490px\" \/>\t\t\t\t\t\t\t\t<\/a>\n\t\t\t\t\t\t\t\t\t\t\t\t\t\t<\/div>\n\t\t\t\t\t\t<\/div>\n\t\t\t\t<\/div>\n\t\t\t\t\t\t<\/div>\n\t\t\t\t\t<\/div>\n\t\t<\/div>\n\t\t\t\t<div class=\"elementor-column elementor-col-50 elementor-inner-column elementor-element elementor-element-a0391f1\" data-id=\"a0391f1\" data-element_type=\"column\">\n\t\t\t<div class=\"elementor-column-wrap elementor-element-populated\">\n\t\t\t\t\t\t\t<div class=\"elementor-widget-wrap\">\n\t\t\t\t\t\t<div class=\"elementor-element elementor-element-cdb3d79 elementor-widget elementor-widget-heading\" data-id=\"cdb3d79\" data-element_type=\"widget\" data-widget_type=\"heading.default\">\n\t\t\t\t<div class=\"elementor-widget-container\">\n\t\t\t<h2 class=\"elementor-heading-title elementor-size-default\">Contribution canadienne \u00e0 l\u2019\u00e9ducation mondiale\n<\/h2>\t\t<\/div>\n\t\t\t\t<\/div>\n\t\t\t\t<div class=\"elementor-element elementor-element-492b164 elementor-widget elementor-widget-heading\" data-id=\"492b164\" data-element_type=\"widget\" data-widget_type=\"heading.default\">\n\t\t\t\t<div class=\"elementor-widget-container\">\n\t\t\t<h2 class=\"elementor-heading-title elementor-size-default\"><a href=\"\/_sys\/wp-content\/uploads\/2020\/01\/Canadian-Funding-for-Global-Education-2019_fr.pdf\">Download PDF<\/a><\/h2>\t\t<\/div>\n\t\t\t\t<\/div>\n\t\t\t\t\t\t<\/div>\n\t\t\t\t\t<\/div>\n\t\t<\/div>\n\t\t\t\t\t\t\t\t<\/div>\n\t\t\t\t\t<\/div>\n\t\t<\/section>\n\t\t\t\t<section class=\"elementor-section elementor-inner-section elementor-element elementor-element-9ed4c17 elementor-section-boxed elementor-section-height-default elementor-section-height-default\" data-id=\"9ed4c17\" data-element_type=\"section\">\n\t\t\t\t\t\t<div class=\"elementor-container elementor-column-gap-default\">\n\t\t\t\t\t\t\t<div class=\"elementor-row\">\n\t\t\t\t\t<div class=\"elementor-column elementor-col-50 elementor-inner-column elementor-element elementor-element-3bbc9d9\" data-id=\"3bbc9d9\" data-element_type=\"column\">\n\t\t\t<div class=\"elementor-column-wrap elementor-element-populated\">\n\t\t\t\t\t\t\t<div class=\"elementor-widget-wrap\">\n\t\t\t\t\t\t<div class=\"elementor-element elementor-element-a176aa0 elementor-widget elementor-widget-image\" data-id=\"a176aa0\" data-element_type=\"widget\" data-widget_type=\"image.default\">\n\t\t\t\t<div class=\"elementor-widget-container\">\n\t\t\t\t\t\t\t\t<div class=\"elementor-image\">\n\t\t\t\t\t\t\t\t\t\t\t\t\t<a href=\"\/_sys\/wp-content\/uploads\/2020\/01\/GPS-What-we-know-about-acute-poverty.pdf\">\n\t\t\t\t\t\t\t<img width=\"490\" height=\"583\" src=\"https:\/\/globalpovertysolutions.ca\/_sys\/wp-content\/uploads\/2020\/01\/icon-pdf.png\" class=\"attachment-large size-large\" alt=\"\" loading=\"lazy\" srcset=\"https:\/\/globalpovertysolutions.ca\/_sys\/wp-content\/uploads\/2020\/01\/icon-pdf.png 490w, https:\/\/globalpovertysolutions.ca\/_sys\/wp-content\/uploads\/2020\/01\/icon-pdf-252x300.png 252w\" sizes=\"(max-width: 490px) 100vw, 490px\" \/>\t\t\t\t\t\t\t\t<\/a>\n\t\t\t\t\t\t\t\t\t\t\t\t\t\t<\/div>\n\t\t\t\t\t\t<\/div>\n\t\t\t\t<\/div>\n\t\t\t\t\t\t<\/div>\n\t\t\t\t\t<\/div>\n\t\t<\/div>\n\t\t\t\t<div class=\"elementor-column elementor-col-50 elementor-inner-column elementor-element elementor-element-b731505\" data-id=\"b731505\" data-element_type=\"column\">\n\t\t\t<div class=\"elementor-column-wrap elementor-element-populated\">\n\t\t\t\t\t\t\t<div class=\"elementor-widget-wrap\">\n\t\t\t\t\t\t<div class=\"elementor-element elementor-element-696e02f elementor-widget elementor-widget-heading\" data-id=\"696e02f\" data-element_type=\"widget\" data-widget_type=\"heading.default\">\n\t\t\t\t<div class=\"elementor-widget-container\">\n\t\t\t<h2 class=\"elementor-heading-title elementor-size-default\">L\u2019\u00e9ducation de base<\/h2>\t\t<\/div>\n\t\t\t\t<\/div>\n\t\t\t\t<div class=\"elementor-element elementor-element-a42bc0f elementor-widget elementor-widget-heading\" data-id=\"a42bc0f\" data-element_type=\"widget\" data-widget_type=\"heading.default\">\n\t\t\t\t<div class=\"elementor-widget-container\">\n\t\t\t<h2 class=\"elementor-heading-title elementor-size-default\"><a href=\"\/_sys\/wp-content\/uploads\/2020\/01\/GPS-Update-on-Canadian-BasicEd-1_fr.pdf\">Download PDF<\/a><\/h2>\t\t<\/div>\n\t\t\t\t<\/div>\n\t\t\t\t\t\t<\/div>\n\t\t\t\t\t<\/div>\n\t\t<\/div>\n\t\t\t\t\t\t\t\t<\/div>\n\t\t\t\t\t<\/div>\n\t\t<\/section>\n\t\t\t\t<div class=\"elementor-element elementor-element-375b061 elementor-widget elementor-widget-heading\" data-id=\"375b061\" data-element_type=\"widget\" data-widget_type=\"heading.default\">\n\t\t\t\t<div class=\"elementor-widget-container\">\n\t\t\t<h2 class=\"elementor-heading-title elementor-size-default\">Organisations cl\u00e9s<\/h2>\t\t<\/div>\n\t\t\t\t<\/div>\n\t\t\t\t<div class=\"elementor-element elementor-element-387eb35 elementor-widget elementor-widget-text-editor\" data-id=\"387eb35\" data-element_type=\"widget\" data-widget_type=\"text-editor.default\">\n\t\t\t\t<div class=\"elementor-widget-container\">\n\t\t\t\t\t\t\t\t<div class=\"elementor-text-editor elementor-clearfix\">\n\t\t\t\t<a href=\"http:\/\/www.campaignforeducation.org\/fr\/\" target=\"_blank\" rel=\"noopener\">Campagne mondiale pour l\u2019\u00e9ducation<\/a>\n<br \/><br \/>\n<a href=\"http:\/\/fr.unesco.org\/\" target=\"_blank\" rel=\"noopener\">UNESCO<\/a>\n<br \/><br \/>\n<a href=\"http:\/\/www.globalpartnership.org\/fr\" target=\"_blank\" rel=\"noopener\">Partenariat mondial pour l\u2019\u00e9ducation<\/a>\n<br \/><br \/>\n<a href=\"http:\/\/report.educationcommission.org\/\" target=\"_blank\" rel=\"noopener\">Education Commission (Anglais seulement)<\/a>\t\t\t\t\t<\/div>\n\t\t\t\t\t\t<\/div>\n\t\t\t\t<\/div>\n\t\t\t\t<div class=\"elementor-element elementor-element-c16ad94 elementor-widget elementor-widget-heading\" data-id=\"c16ad94\" data-element_type=\"widget\" data-widget_type=\"heading.default\">\n\t\t\t\t<div class=\"elementor-widget-container\">\n\t\t\t<h2 class=\"elementor-heading-title elementor-size-default\">Ressources externes<\/h2>\t\t<\/div>\n\t\t\t\t<\/div>\n\t\t\t\t<div class=\"elementor-element elementor-element-83836d4 elementor-widget elementor-widget-text-editor\" data-id=\"83836d4\" data-element_type=\"widget\" data-widget_type=\"text-editor.default\">\n\t\t\t\t<div class=\"elementor-widget-container\">\n\t\t\t\t\t\t\t\t<div class=\"elementor-text-editor elementor-clearfix\">\n\t\t\t\t<a href=\"http:\/\/uis.unesco.org\/fr\" target=\"_blank\" rel=\"noopener\">Institut de statistique de l\u2019UNESCO<\/a>\n<br \/><br \/>\n<a href=\"http:\/\/educationcommission.org\/international-finance-facility-education\/\" target=\"_blank\" rel=\"noopener\">Facilit\u00e9 de Financement pour l\u2019\u00e9ducation<\/a>\n<br \/><br \/>\n<a href=\"http:\/\/report.educationcommission.org\/report\/ \" target=\"_blank\" rel=\"noopener\">Education Commission Report (Anglais seulement)<\/a>\n<br \/><br \/>\n<a href=\"http:\/\/www.rtei.org\/en\/\" target=\"_blank\" rel=\"noopener\">Right to Education Index (Anglais seulement)<\/a>\t\t\t\t\t<\/div>\n\t\t\t\t\t\t<\/div>\n\t\t\t\t<\/div>\n\t\t\t\t\t\t<\/div>\n\t\t\t\t\t<\/div>\n\t\t<\/div>\n\t\t\t\t\t\t\t\t<\/div>\n\t\t\t\t\t<\/div>\n\t\t<\/section>\n\t\t\t\t\t\t\t\t\t<\/div>\n\t\t\t<\/div>\n\t\t\t\t\t<\/div>\n\t\t","protected":false},"excerpt":{"rendered":"<p>Mise \u00e0 jour\u00a0: COVID-19\u00a0&#8211; La pand\u00e9mie du coronavirus a d\u00e9clench\u00e9 une crise de l&#8217;\u00e9ducation d&#8217;une ampleur sans pr\u00e9c\u00e9dent depuis le d\u00e9but des confinements dans le monde en mars et avril. Fin octobre, plus de 600 millions d&#8217;enfants n\u2019\u00e9taient toujours pas retourn\u00e9s dans leurs salles de classe, la plupart dans les pays en d\u00e9veloppement. (https:\/\/en.unesco.org\/covid19\/educationresponse) Cela [&hellip;]<\/p>\n","protected":false},"author":1,"featured_media":0,"parent":967,"menu_order":0,"comment_status":"closed","ping_status":"closed","template":"elementor_header_footer","meta":[],"_links":{"self":[{"href":"https:\/\/globalpovertysolutions.ca\/_sys\/wp-json\/wp\/v2\/pages\/963"}],"collection":[{"href":"https:\/\/globalpovertysolutions.ca\/_sys\/wp-json\/wp\/v2\/pages"}],"about":[{"href":"https:\/\/globalpovertysolutions.ca\/_sys\/wp-json\/wp\/v2\/types\/page"}],"author":[{"embeddable":true,"href":"https:\/\/globalpovertysolutions.ca\/_sys\/wp-json\/wp\/v2\/users\/1"}],"replies":[{"embeddable":true,"href":"https:\/\/globalpovertysolutions.ca\/_sys\/wp-json\/wp\/v2\/comments?post=963"}],"version-history":[{"count":22,"href":"https:\/\/globalpovertysolutions.ca\/_sys\/wp-json\/wp\/v2\/pages\/963\/revisions"}],"predecessor-version":[{"id":1264,"href":"https:\/\/globalpovertysolutions.ca\/_sys\/wp-json\/wp\/v2\/pages\/963\/revisions\/1264"}],"up":[{"embeddable":true,"href":"https:\/\/globalpovertysolutions.ca\/_sys\/wp-json\/wp\/v2\/pages\/967"}],"wp:attachment":[{"href":"https:\/\/globalpovertysolutions.ca\/_sys\/wp-json\/wp\/v2\/media?parent=963"}],"curies":[{"name":"wp","href":"https:\/\/api.w.org\/{rel}","templated":true}]}}