{"id":953,"date":"2020-02-02T19:27:56","date_gmt":"2020-02-03T00:27:56","guid":{"rendered":"http:\/\/globalpovertysolutions.ca\/_sys\/?page_id=953"},"modified":"2020-02-05T22:01:43","modified_gmt":"2020-02-06T03:01:43","slug":"impliquez-vous","status":"publish","type":"page","link":"https:\/\/globalpovertysolutions.ca\/_sys\/fr\/impliquez-vous\/","title":{"rendered":"Impliquez-vous"},"content":{"rendered":"\t\t<div data-elementor-type=\"wp-page\" data-elementor-id=\"953\" class=\"elementor elementor-953\">\n\t\t\t\t\t\t<div class=\"elementor-inner\">\n\t\t\t\t<div class=\"elementor-section-wrap\">\n\t\t\t\t\t\t\t\t\t<section class=\"elementor-section elementor-top-section elementor-element elementor-element-d4ab46e elementor-section-full_width elementor-section-height-default elementor-section-height-default\" data-id=\"d4ab46e\" data-element_type=\"section\">\n\t\t\t\t\t\t<div class=\"elementor-container elementor-column-gap-default\">\n\t\t\t\t\t\t\t<div class=\"elementor-row\">\n\t\t\t\t\t<div class=\"elementor-column elementor-col-100 elementor-top-column elementor-element elementor-element-f6e6a36\" data-id=\"f6e6a36\" data-element_type=\"column\">\n\t\t\t<div class=\"elementor-column-wrap elementor-element-populated\">\n\t\t\t\t\t\t\t<div class=\"elementor-widget-wrap\">\n\t\t\t\t\t\t<div class=\"elementor-element elementor-element-0a3dca8 elementor-widget elementor-widget-image\" data-id=\"0a3dca8\" data-element_type=\"widget\" data-widget_type=\"image.default\">\n\t\t\t\t<div class=\"elementor-widget-container\">\n\t\t\t\t\t\t\t\t<div class=\"elementor-image\">\n\t\t\t\t\t\t\t\t\t\t\t\t<img width=\"1024\" height=\"332\" src=\"https:\/\/globalpovertysolutions.ca\/_sys\/wp-content\/uploads\/2020\/01\/header-12-1024x332.jpg\" class=\"attachment-large size-large\" alt=\"\" loading=\"lazy\" srcset=\"https:\/\/globalpovertysolutions.ca\/_sys\/wp-content\/uploads\/2020\/01\/header-12-1024x332.jpg 1024w, https:\/\/globalpovertysolutions.ca\/_sys\/wp-content\/uploads\/2020\/01\/header-12-300x97.jpg 300w, https:\/\/globalpovertysolutions.ca\/_sys\/wp-content\/uploads\/2020\/01\/header-12-768x249.jpg 768w, https:\/\/globalpovertysolutions.ca\/_sys\/wp-content\/uploads\/2020\/01\/header-12-1536x499.jpg 1536w, https:\/\/globalpovertysolutions.ca\/_sys\/wp-content\/uploads\/2020\/01\/header-12-2048x665.jpg 2048w\" sizes=\"(max-width: 1024px) 100vw, 1024px\" \/>\t\t\t\t\t\t\t\t\t\t\t\t\t\t<\/div>\n\t\t\t\t\t\t<\/div>\n\t\t\t\t<\/div>\n\t\t\t\t\t\t<\/div>\n\t\t\t\t\t<\/div>\n\t\t<\/div>\n\t\t\t\t\t\t\t\t<\/div>\n\t\t\t\t\t<\/div>\n\t\t<\/section>\n\t\t\t\t<section class=\"elementor-section elementor-top-section elementor-element elementor-element-e0d85c4 elementor-section-boxed elementor-section-height-default elementor-section-height-default\" data-id=\"e0d85c4\" data-element_type=\"section\">\n\t\t\t\t\t\t<div class=\"elementor-container elementor-column-gap-default\">\n\t\t\t\t\t\t\t<div class=\"elementor-row\">\n\t\t\t\t\t<div class=\"elementor-column elementor-col-100 elementor-top-column elementor-element elementor-element-b28f7de\" data-id=\"b28f7de\" data-element_type=\"column\">\n\t\t\t<div class=\"elementor-column-wrap elementor-element-populated\">\n\t\t\t\t\t\t\t<div class=\"elementor-widget-wrap\">\n\t\t\t\t\t\t<div class=\"elementor-element elementor-element-760f4c4 elementor-widget elementor-widget-heading\" data-id=\"760f4c4\" data-element_type=\"widget\" data-widget_type=\"heading.default\">\n\t\t\t\t<div class=\"elementor-widget-container\">\n\t\t\t<h2 class=\"elementor-heading-title elementor-size-default\">Impliquez-vous <\/h2>\t\t<\/div>\n\t\t\t\t<\/div>\n\t\t\t\t<div class=\"elementor-element elementor-element-38a9c3f elementor-widget elementor-widget-text-editor\" data-id=\"38a9c3f\" data-element_type=\"widget\" data-widget_type=\"text-editor.default\">\n\t\t\t\t<div class=\"elementor-widget-container\">\n\t\t\t\t\t\t\t\t<div class=\"elementor-text-editor elementor-clearfix\">\n\t\t\t\t<strong>Renseignez-vous<\/strong> : lisez nos <a href=\"\/_sys\/fr\/informez-vous\/\">ressources<\/a>. Participez \u00e0 nos \u00e9v\u00e9nements en direct et virtuels. Sachez-en plus sur sur les solutions existantes pour relever les d\u00e9fis de la pauvret\u00e9 mondiale.\n\n<strong>Renseignez les autres<\/strong> : faites savoir qu\u2019il existe des solutions \u00e9prouv\u00e9es et rentables \u00e0 la pauvret\u00e9 mondiale. Partagez nos informations avec vos r\u00e9seaux. Devenez un pr\u00e9sentateur de SPM au sein de votre communaut\u00e9. <a href=\"\/_sys\/fr\/coordonnees\/\">Communiquez avec nous<\/a> pour savoir comment.\n\n<strong>Faites un don<\/strong> : notre travail caritatif unique qui consiste \u00e0 faire progresser la connaissance et le d\u00e9bat sur les solutions \u00e0 la pauvret\u00e9 mondiale a besoin du soutien de gens comme vous. Veuillez utiliser ce <a href=\"http:\/\/www.canadahelps.org\/CharityProfilePage.aspx?CharityID=d80262\" target=\"_blank\" rel=\"noopener\">lien s\u00e9curis\u00e9<\/a> et donner g\u00e9n\u00e9reusement. Un re\u00e7u d\u2019imp\u00f4t sera \u00e9mis pour tout don de plus de 20 $. Nous vous remercions de votre appui.\t\t\t\t\t<\/div>\n\t\t\t\t\t\t<\/div>\n\t\t\t\t<\/div>\n\t\t\t\t<div class=\"elementor-element elementor-element-bdab44d elementor-widget elementor-widget-image\" data-id=\"bdab44d\" data-element_type=\"widget\" data-widget_type=\"image.default\">\n\t\t\t\t<div class=\"elementor-widget-container\">\n\t\t\t\t\t\t\t\t<div class=\"elementor-image\">\n\t\t\t\t\t\t\t\t\t\t\t\t\t<a href=\"http:\/\/www.canadahelps.org\/CharityProfilePage.aspx?CharityID=d80262\">\n\t\t\t\t\t\t\t<img src=\"https:\/\/globalpovertysolutions.ca\/_sys\/wp-content\/uploads\/2020\/01\/donateNow2b1.jpg\" title=\"donateNow2b1\" alt=\"donateNow2b1\" \/>\t\t\t\t\t\t\t\t<\/a>\n\t\t\t\t\t\t\t\t\t\t\t\t\t\t<\/div>\n\t\t\t\t\t\t<\/div>\n\t\t\t\t<\/div>\n\t\t\t\t\t\t<\/div>\n\t\t\t\t\t<\/div>\n\t\t<\/div>\n\t\t\t\t\t\t\t\t<\/div>\n\t\t\t\t\t<\/div>\n\t\t<\/section>\n\t\t\t\t\t\t\t\t\t<\/div>\n\t\t\t<\/div>\n\t\t\t\t\t<\/div>\n\t\t","protected":false},"excerpt":{"rendered":"<p>Impliquez-vous Renseignez-vous : lisez nos ressources. Participez \u00e0 nos \u00e9v\u00e9nements en direct et virtuels. Sachez-en plus sur sur les solutions existantes pour relever les d\u00e9fis de la pauvret\u00e9 mondiale. Renseignez les autres : faites savoir qu\u2019il existe des solutions \u00e9prouv\u00e9es et rentables \u00e0 la pauvret\u00e9 mondiale. Partagez nos informations avec vos r\u00e9seaux. Devenez un pr\u00e9sentateur [&hellip;]<\/p>\n","protected":false},"author":1,"featured_media":0,"parent":0,"menu_order":0,"comment_status":"closed","ping_status":"closed","template":"elementor_header_footer","meta":[],"_links":{"self":[{"href":"https:\/\/globalpovertysolutions.ca\/_sys\/wp-json\/wp\/v2\/pages\/953"}],"collection":[{"href":"https:\/\/globalpovertysolutions.ca\/_sys\/wp-json\/wp\/v2\/pages"}],"about":[{"href":"https:\/\/globalpovertysolutions.ca\/_sys\/wp-json\/wp\/v2\/types\/page"}],"author":[{"embeddable":true,"href":"https:\/\/globalpovertysolutions.ca\/_sys\/wp-json\/wp\/v2\/users\/1"}],"replies":[{"embeddable":true,"href":"https:\/\/globalpovertysolutions.ca\/_sys\/wp-json\/wp\/v2\/comments?post=953"}],"version-history":[{"count":4,"href":"https:\/\/globalpovertysolutions.ca\/_sys\/wp-json\/wp\/v2\/pages\/953\/revisions"}],"predecessor-version":[{"id":1019,"href":"https:\/\/globalpovertysolutions.ca\/_sys\/wp-json\/wp\/v2\/pages\/953\/revisions\/1019"}],"wp:attachment":[{"href":"https:\/\/globalpovertysolutions.ca\/_sys\/wp-json\/wp\/v2\/media?parent=953"}],"curies":[{"name":"wp","href":"https:\/\/api.w.org\/{rel}","templated":true}]}}