{"id":947,"date":"2020-02-02T19:26:27","date_gmt":"2020-02-03T00:26:27","guid":{"rendered":"http:\/\/globalpovertysolutions.ca\/_sys\/?page_id=947"},"modified":"2020-02-05T22:00:34","modified_gmt":"2020-02-06T03:00:34","slug":"a-propos","status":"publish","type":"page","link":"https:\/\/globalpovertysolutions.ca\/_sys\/fr\/a-propos\/","title":{"rendered":"A propos"},"content":{"rendered":"\t\t<div data-elementor-type=\"wp-page\" data-elementor-id=\"947\" class=\"elementor elementor-947\">\n\t\t\t\t\t\t<div class=\"elementor-inner\">\n\t\t\t\t<div class=\"elementor-section-wrap\">\n\t\t\t\t\t\t\t\t\t<section class=\"elementor-section elementor-top-section elementor-element elementor-element-d4ab46e elementor-section-full_width elementor-section-height-default elementor-section-height-default\" data-id=\"d4ab46e\" data-element_type=\"section\">\n\t\t\t\t\t\t<div class=\"elementor-container elementor-column-gap-default\">\n\t\t\t\t\t\t\t<div class=\"elementor-row\">\n\t\t\t\t\t<div class=\"elementor-column elementor-col-100 elementor-top-column elementor-element elementor-element-f6e6a36\" data-id=\"f6e6a36\" data-element_type=\"column\">\n\t\t\t<div class=\"elementor-column-wrap elementor-element-populated\">\n\t\t\t\t\t\t\t<div class=\"elementor-widget-wrap\">\n\t\t\t\t\t\t<div class=\"elementor-element elementor-element-e7ceee8 elementor-widget elementor-widget-image\" data-id=\"e7ceee8\" data-element_type=\"widget\" data-widget_type=\"image.default\">\n\t\t\t\t<div class=\"elementor-widget-container\">\n\t\t\t\t\t\t\t\t<div class=\"elementor-image\">\n\t\t\t\t\t\t\t\t\t\t\t\t<img width=\"2545\" height=\"826\" src=\"https:\/\/globalpovertysolutions.ca\/_sys\/wp-content\/uploads\/2020\/01\/header-19.jpg\" class=\"attachment-full size-full\" alt=\"\" loading=\"lazy\" srcset=\"https:\/\/globalpovertysolutions.ca\/_sys\/wp-content\/uploads\/2020\/01\/header-19.jpg 2545w, https:\/\/globalpovertysolutions.ca\/_sys\/wp-content\/uploads\/2020\/01\/header-19-300x97.jpg 300w, https:\/\/globalpovertysolutions.ca\/_sys\/wp-content\/uploads\/2020\/01\/header-19-1024x332.jpg 1024w, https:\/\/globalpovertysolutions.ca\/_sys\/wp-content\/uploads\/2020\/01\/header-19-768x249.jpg 768w, https:\/\/globalpovertysolutions.ca\/_sys\/wp-content\/uploads\/2020\/01\/header-19-1536x499.jpg 1536w, https:\/\/globalpovertysolutions.ca\/_sys\/wp-content\/uploads\/2020\/01\/header-19-2048x665.jpg 2048w\" sizes=\"(max-width: 2545px) 100vw, 2545px\" \/>\t\t\t\t\t\t\t\t\t\t\t\t\t\t<\/div>\n\t\t\t\t\t\t<\/div>\n\t\t\t\t<\/div>\n\t\t\t\t\t\t<\/div>\n\t\t\t\t\t<\/div>\n\t\t<\/div>\n\t\t\t\t\t\t\t\t<\/div>\n\t\t\t\t\t<\/div>\n\t\t<\/section>\n\t\t\t\t<section class=\"elementor-section elementor-top-section elementor-element elementor-element-e0d85c4 elementor-section-boxed elementor-section-height-default elementor-section-height-default\" data-id=\"e0d85c4\" data-element_type=\"section\">\n\t\t\t\t\t\t<div class=\"elementor-container elementor-column-gap-default\">\n\t\t\t\t\t\t\t<div class=\"elementor-row\">\n\t\t\t\t\t<div class=\"elementor-column elementor-col-100 elementor-top-column elementor-element elementor-element-b28f7de\" data-id=\"b28f7de\" data-element_type=\"column\">\n\t\t\t<div class=\"elementor-column-wrap elementor-element-populated\">\n\t\t\t\t\t\t\t<div class=\"elementor-widget-wrap\">\n\t\t\t\t\t\t<div class=\"elementor-element elementor-element-760f4c4 elementor-widget elementor-widget-heading\" data-id=\"760f4c4\" data-element_type=\"widget\" data-widget_type=\"heading.default\">\n\t\t\t\t<div class=\"elementor-widget-container\">\n\t\t\t<h2 class=\"elementor-heading-title elementor-size-default\">\u00c0 propos de nous<\/h2>\t\t<\/div>\n\t\t\t\t<\/div>\n\t\t\t\t<div class=\"elementor-element elementor-element-38a9c3f elementor-widget elementor-widget-text-editor\" data-id=\"38a9c3f\" data-element_type=\"widget\" data-widget_type=\"text-editor.default\">\n\t\t\t\t<div class=\"elementor-widget-container\">\n\t\t\t\t\t\t\t\t<div class=\"elementor-text-editor elementor-clearfix\">\n\t\t\t\t<p>Depuis 1991, Solutions \u00e0 la pauvret\u00e9 mondiale, un organisme de bienfaisance enregistr\u00e9 au Canada, qui jusqu\u2019en 2011 avait op\u00e9r\u00e9 sous le nom RESULT:ED Educational Fund, est vou\u00e9 \u00e0 la sensibilisation des Canadiens avec qui elle partage de l\u2019information sur les d\u00e9fis et les solutions \u00e0 la pauvret\u00e9 mondiale. Pour ce faire, nous encourageons et soutenons un large \u00e9ventail d\u2019activit\u00e9s \u00e9ducatives visant \u00e0 accro\u00eetre la compr\u00e9hension de la pauvret\u00e9, ses causes, ses cons\u00e9quences et les solutions aff\u00e9rentes. Nous avons \u00e9galement cr\u00e9\u00e9 et partag\u00e9 du mat\u00e9riel p\u00e9dagogique avec les citoyens, les partenaires, le gouvernement et les organismes internationaux pour mieux leur faire comprendre les enjeux et pour renforcer notre capacit\u00e9 collective de mettre fin \u00e0 la pauvret\u00e9 et aux souffrances inutiles.<\/p>\t\t\t\t\t<\/div>\n\t\t\t\t\t\t<\/div>\n\t\t\t\t<\/div>\n\t\t\t\t\t\t<\/div>\n\t\t\t\t\t<\/div>\n\t\t<\/div>\n\t\t\t\t\t\t\t\t<\/div>\n\t\t\t\t\t<\/div>\n\t\t<\/section>\n\t\t\t\t\t\t\t\t\t<\/div>\n\t\t\t<\/div>\n\t\t\t\t\t<\/div>\n\t\t","protected":false},"excerpt":{"rendered":"<p>\u00c0 propos de nous Depuis 1991, Solutions \u00e0 la pauvret\u00e9 mondiale, un organisme de bienfaisance enregistr\u00e9 au Canada, qui jusqu\u2019en 2011 avait op\u00e9r\u00e9 sous le nom RESULT:ED Educational Fund, est vou\u00e9 \u00e0 la sensibilisation des Canadiens avec qui elle partage de l\u2019information sur les d\u00e9fis et les solutions \u00e0 la pauvret\u00e9 mondiale. Pour ce faire, [&hellip;]<\/p>\n","protected":false},"author":1,"featured_media":0,"parent":0,"menu_order":0,"comment_status":"closed","ping_status":"closed","template":"elementor_header_footer","meta":[],"_links":{"self":[{"href":"https:\/\/globalpovertysolutions.ca\/_sys\/wp-json\/wp\/v2\/pages\/947"}],"collection":[{"href":"https:\/\/globalpovertysolutions.ca\/_sys\/wp-json\/wp\/v2\/pages"}],"about":[{"href":"https:\/\/globalpovertysolutions.ca\/_sys\/wp-json\/wp\/v2\/types\/page"}],"author":[{"embeddable":true,"href":"https:\/\/globalpovertysolutions.ca\/_sys\/wp-json\/wp\/v2\/users\/1"}],"replies":[{"embeddable":true,"href":"https:\/\/globalpovertysolutions.ca\/_sys\/wp-json\/wp\/v2\/comments?post=947"}],"version-history":[{"count":3,"href":"https:\/\/globalpovertysolutions.ca\/_sys\/wp-json\/wp\/v2\/pages\/947\/revisions"}],"predecessor-version":[{"id":1018,"href":"https:\/\/globalpovertysolutions.ca\/_sys\/wp-json\/wp\/v2\/pages\/947\/revisions\/1018"}],"wp:attachment":[{"href":"https:\/\/globalpovertysolutions.ca\/_sys\/wp-json\/wp\/v2\/media?parent=947"}],"curies":[{"name":"wp","href":"https:\/\/api.w.org\/{rel}","templated":true}]}}