{"id":1038,"date":"2020-02-05T22:11:43","date_gmt":"2020-02-06T03:11:43","guid":{"rendered":"http:\/\/globalpovertysolutions.ca\/_sys\/?page_id=1038"},"modified":"2020-02-23T19:33:54","modified_gmt":"2020-02-24T00:33:54","slug":"les-nombreuses-facettes-de-la-pauvrete","status":"publish","type":"page","link":"https:\/\/globalpovertysolutions.ca\/_sys\/fr\/les-nombreuses-facettes-de-la-pauvrete\/","title":{"rendered":"Les nombreuses facettes de la pauvret\u00e9"},"content":{"rendered":"\t\t<div data-elementor-type=\"wp-page\" data-elementor-id=\"1038\" class=\"elementor elementor-1038\">\n\t\t\t\t\t\t<div class=\"elementor-inner\">\n\t\t\t\t<div class=\"elementor-section-wrap\">\n\t\t\t\t\t\t\t\t\t<section class=\"elementor-section elementor-top-section elementor-element elementor-element-d4ab46e elementor-section-full_width elementor-section-height-default elementor-section-height-default\" data-id=\"d4ab46e\" data-element_type=\"section\">\n\t\t\t\t\t\t<div class=\"elementor-container elementor-column-gap-default\">\n\t\t\t\t\t\t\t<div class=\"elementor-row\">\n\t\t\t\t\t<div class=\"elementor-column elementor-col-100 elementor-top-column elementor-element elementor-element-f6e6a36\" data-id=\"f6e6a36\" data-element_type=\"column\">\n\t\t\t<div class=\"elementor-column-wrap elementor-element-populated\">\n\t\t\t\t\t\t\t<div class=\"elementor-widget-wrap\">\n\t\t\t\t\t\t<div class=\"elementor-element elementor-element-e7ceee8 elementor-widget elementor-widget-image\" data-id=\"e7ceee8\" data-element_type=\"widget\" data-widget_type=\"image.default\">\n\t\t\t\t<div class=\"elementor-widget-container\">\n\t\t\t\t\t\t\t\t<div class=\"elementor-image\">\n\t\t\t\t\t\t\t\t\t\t\t\t<img width=\"2545\" height=\"826\" src=\"https:\/\/globalpovertysolutions.ca\/_sys\/wp-content\/uploads\/2020\/01\/header-13.jpg\" class=\"attachment-full size-full\" alt=\"\" loading=\"lazy\" srcset=\"https:\/\/globalpovertysolutions.ca\/_sys\/wp-content\/uploads\/2020\/01\/header-13.jpg 2545w, https:\/\/globalpovertysolutions.ca\/_sys\/wp-content\/uploads\/2020\/01\/header-13-300x97.jpg 300w, https:\/\/globalpovertysolutions.ca\/_sys\/wp-content\/uploads\/2020\/01\/header-13-1024x332.jpg 1024w, https:\/\/globalpovertysolutions.ca\/_sys\/wp-content\/uploads\/2020\/01\/header-13-768x249.jpg 768w, https:\/\/globalpovertysolutions.ca\/_sys\/wp-content\/uploads\/2020\/01\/header-13-1536x499.jpg 1536w, https:\/\/globalpovertysolutions.ca\/_sys\/wp-content\/uploads\/2020\/01\/header-13-2048x665.jpg 2048w\" sizes=\"(max-width: 2545px) 100vw, 2545px\" \/>\t\t\t\t\t\t\t\t\t\t\t\t\t\t<\/div>\n\t\t\t\t\t\t<\/div>\n\t\t\t\t<\/div>\n\t\t\t\t\t\t<\/div>\n\t\t\t\t\t<\/div>\n\t\t<\/div>\n\t\t\t\t\t\t\t\t<\/div>\n\t\t\t\t\t<\/div>\n\t\t<\/section>\n\t\t\t\t<section class=\"elementor-section elementor-top-section elementor-element elementor-element-e0d85c4 elementor-section-boxed elementor-section-height-default elementor-section-height-default\" data-id=\"e0d85c4\" data-element_type=\"section\">\n\t\t\t\t\t\t<div class=\"elementor-container elementor-column-gap-default\">\n\t\t\t\t\t\t\t<div class=\"elementor-row\">\n\t\t\t\t\t<div class=\"elementor-column elementor-col-100 elementor-top-column elementor-element elementor-element-b28f7de\" data-id=\"b28f7de\" data-element_type=\"column\">\n\t\t\t<div class=\"elementor-column-wrap elementor-element-populated\">\n\t\t\t\t\t\t\t<div class=\"elementor-widget-wrap\">\n\t\t\t\t\t\t<div class=\"elementor-element elementor-element-760f4c4 elementor-widget elementor-widget-heading\" data-id=\"760f4c4\" data-element_type=\"widget\" data-widget_type=\"heading.default\">\n\t\t\t\t<div class=\"elementor-widget-container\">\n\t\t\t<h2 class=\"elementor-heading-title elementor-size-default\">Les nombreuses facettes de la pauvret\u00e9<\/h2>\t\t<\/div>\n\t\t\t\t<\/div>\n\t\t\t\t<div class=\"elementor-element elementor-element-38a9c3f elementor-widget elementor-widget-text-editor\" data-id=\"38a9c3f\" data-element_type=\"widget\" data-widget_type=\"text-editor.default\">\n\t\t\t\t<div class=\"elementor-widget-container\">\n\t\t\t\t\t\t\t\t<div class=\"elementor-text-editor elementor-clearfix\">\n\t\t\t\tLa pauvret\u00e9 aig\u00fce poss\u00e8de plusieurs facettes \u2013 Il y a plusieurs mani\u00e8res de la mesurer et de l\u2019analyser. Le pr\u00e9sent site web vous aidera \u00e0 en apprendre plus \u00e0 ce sujet et au sujet des fa\u00e7ons de la mettre en \u00e9chec.\n\nPour commencer, il est important de comprendre les divers aspects de la <a href=\"\/_sys\/fr\/informez-vous\/pauvrete\/\">pauvret\u00e9<\/a> de se demander ce qu\u2019est la pauvret\u00e9, quels sont les derniers estim\u00e9s de l\u2019incidence de la pauvret\u00e9 aig\u00fce , qui sont les gens qui vivent dans la pauvret\u00e9 aig\u00fce et quelles sont les caract\u00e9ristiques de la pauvret\u00e9 aig\u00fce. Il importe \u00e9galement de suivre de pr\u00e8s l\u2019indispensable contribution au titre de l\u2019aide \u00e9trang\u00e8re de pays comme le Canada.\n\nLa pauvret\u00e9 rev\u00eat plusieurs formes. Tout d\u2019abord, elle prive les famiilles de leur <a href=\"\/_sys\/fr\/informez-vous\/sante\/\">sant\u00e9<\/a>. La lutte \u00e0 la pauvret\u00e9 aig\u00fce pr\u00e9suppose de faire \u00e0 des d\u00e9fis comme, les maladies cib\u00e9les par les vaccins, les grandes maladies au stade pand\u00e9mique telles que le sida, la tuberculose et le paludisme), la malnutrition et le manque d\u2019acc\u00e8s \u00e0 des latrines , comme la participation \u00e0 l\u2019effort de R&amp;D <span class='tooltipsall tooltip_post_id_1057 classtoolTips13'>pour les maladies tropicales<\/span>.\n\nLe combat contre la pauvret\u00e9 doit aussi combler le foss\u00e9 au plan de l\u2019<a href=\"\/_sys\/fr\/informez-vous\/education\/\">\u00e9ducation<\/a> que l\u2019on trouve dans les pays du Sud, en particulier dans les pays \u00e0 faible revenu par le biais du Partenariat mondial pour l\u2019\u00e9ducation et dans les pays \u00e0 revenu moyen inf\u00e9rieur, par le biais du M\u00e9canisme de Financement de l\u00c9ducation , et veiller \u00e0 ce que la contribution canadienne \u00e0 l\u2019\u00e9ducation dans le Sud, en particulier \u00e0 <span class='tooltipsall tooltip_post_id_1064 classtoolTips20'>l\u2019\u00e9ducation de base<\/span>, soit vigoureuse.\n\nFinalement, mettre fin \u00e0 la pauvret\u00e9 requiert qu\u2019il y ait possibilit\u00e9s de <a href=\"\/_sys\/fr\/informez-vous\/opportunites-economique\/\">d\u00e9veloppement \u00e9conomique<\/a> pour tous. Cela veut mettre en place les strat\u00e9gies d\u2019 inclusion \u00e9conomique appropri\u00e9es telles que discut\u00e9es lors du <span class='tooltipsall tooltip_post_id_1076 classtoolTips31'>Sommet de 2018<\/span> sur l\u2019Ultra-Pauvret\u00e9, et donner une attention particuli\u00e8re \u00e0 la <span class='tooltipsall tooltip_post_id_1070 classtoolTips33'>micro finance<\/span>, \u00e0 la <span class='tooltipsall tooltip_post_id_1073 classtoolTips30'>microassurance<\/span> et aux <span class='tooltipsall tooltip_post_id_1075 classtoolTips16'>programmes de graduation<\/span> .\n\nChacune des sections sur la pauvret\u00e9, la sant\u00e9, l\u2019\u00e9ducation et les occasions de d\u00e9veloppement \u00e9conomique contient des capsules sur des th\u00e8mes bien pr\u00e9cis, y compris des s\u00e9ries de questions pour permettre l\u2019auto-apprentissage ainsi que des liens vers des documents de r\u00e9f\u00e9rence et des organisations cl\u00e9s.\t\t\t\t\t<\/div>\n\t\t\t\t\t\t<\/div>\n\t\t\t\t<\/div>\n\t\t\t\t\t\t<\/div>\n\t\t\t\t\t<\/div>\n\t\t<\/div>\n\t\t\t\t\t\t\t\t<\/div>\n\t\t\t\t\t<\/div>\n\t\t<\/section>\n\t\t\t\t\t\t\t\t\t<\/div>\n\t\t\t<\/div>\n\t\t\t\t\t<\/div>\n\t\t","protected":false},"excerpt":{"rendered":"<p>Les nombreuses facettes de la pauvret\u00e9 La pauvret\u00e9 aig\u00fce poss\u00e8de plusieurs facettes \u2013 Il y a plusieurs mani\u00e8res de la mesurer et de l\u2019analyser. Le pr\u00e9sent site web vous aidera \u00e0 en apprendre plus \u00e0 ce sujet et au sujet des fa\u00e7ons de la mettre en \u00e9chec. Pour commencer, il est important de comprendre les [&hellip;]<\/p>\n","protected":false},"author":1,"featured_media":0,"parent":0,"menu_order":0,"comment_status":"closed","ping_status":"closed","template":"elementor_header_footer","meta":[],"_links":{"self":[{"href":"https:\/\/globalpovertysolutions.ca\/_sys\/wp-json\/wp\/v2\/pages\/1038"}],"collection":[{"href":"https:\/\/globalpovertysolutions.ca\/_sys\/wp-json\/wp\/v2\/pages"}],"about":[{"href":"https:\/\/globalpovertysolutions.ca\/_sys\/wp-json\/wp\/v2\/types\/page"}],"author":[{"embeddable":true,"href":"https:\/\/globalpovertysolutions.ca\/_sys\/wp-json\/wp\/v2\/users\/1"}],"replies":[{"embeddable":true,"href":"https:\/\/globalpovertysolutions.ca\/_sys\/wp-json\/wp\/v2\/comments?post=1038"}],"version-history":[{"count":5,"href":"https:\/\/globalpovertysolutions.ca\/_sys\/wp-json\/wp\/v2\/pages\/1038\/revisions"}],"predecessor-version":[{"id":1143,"href":"https:\/\/globalpovertysolutions.ca\/_sys\/wp-json\/wp\/v2\/pages\/1038\/revisions\/1143"}],"wp:attachment":[{"href":"https:\/\/globalpovertysolutions.ca\/_sys\/wp-json\/wp\/v2\/media?parent=1038"}],"curies":[{"name":"wp","href":"https:\/\/api.w.org\/{rel}","templated":true}]}}