{"id":955,"date":"2020-02-02T19:28:16","date_gmt":"2020-02-03T00:28:16","guid":{"rendered":"http:\/\/globalpovertysolutions.ca\/_sys\/?page_id=955"},"modified":"2020-02-22T16:38:35","modified_gmt":"2020-02-22T21:38:35","slug":"faites-un-don","status":"publish","type":"page","link":"http:\/\/globalpovertysolutions.ca\/_sys\/fr\/faites-un-don\/","title":{"rendered":"Faites un don"},"content":{"rendered":"\t\t<div data-elementor-type=\"wp-page\" data-elementor-id=\"955\" class=\"elementor elementor-955\">\n\t\t\t\t\t\t<div class=\"elementor-inner\">\n\t\t\t\t<div class=\"elementor-section-wrap\">\n\t\t\t\t\t\t\t\t\t<section class=\"elementor-section elementor-top-section elementor-element elementor-element-d4ab46e elementor-section-full_width elementor-section-height-default elementor-section-height-default\" data-id=\"d4ab46e\" data-element_type=\"section\">\n\t\t\t\t\t\t<div class=\"elementor-container elementor-column-gap-default\">\n\t\t\t\t\t\t\t<div class=\"elementor-row\">\n\t\t\t\t\t<div class=\"elementor-column elementor-col-100 elementor-top-column elementor-element elementor-element-f6e6a36\" data-id=\"f6e6a36\" data-element_type=\"column\">\n\t\t\t<div class=\"elementor-column-wrap elementor-element-populated\">\n\t\t\t\t\t\t\t<div class=\"elementor-widget-wrap\">\n\t\t\t\t\t\t<div class=\"elementor-element elementor-element-e7ceee8 elementor-widget elementor-widget-image\" data-id=\"e7ceee8\" data-element_type=\"widget\" data-widget_type=\"image.default\">\n\t\t\t\t<div class=\"elementor-widget-container\">\n\t\t\t\t\t\t\t\t<div class=\"elementor-image\">\n\t\t\t\t\t\t\t\t\t\t\t\t<img width=\"2545\" height=\"826\" src=\"http:\/\/globalpovertysolutions.ca\/_sys\/wp-content\/uploads\/2020\/01\/header-15.jpg\" class=\"attachment-full size-full\" alt=\"\" loading=\"lazy\" srcset=\"http:\/\/globalpovertysolutions.ca\/_sys\/wp-content\/uploads\/2020\/01\/header-15.jpg 2545w, http:\/\/globalpovertysolutions.ca\/_sys\/wp-content\/uploads\/2020\/01\/header-15-300x97.jpg 300w, http:\/\/globalpovertysolutions.ca\/_sys\/wp-content\/uploads\/2020\/01\/header-15-1024x332.jpg 1024w, http:\/\/globalpovertysolutions.ca\/_sys\/wp-content\/uploads\/2020\/01\/header-15-768x249.jpg 768w, http:\/\/globalpovertysolutions.ca\/_sys\/wp-content\/uploads\/2020\/01\/header-15-1536x499.jpg 1536w, http:\/\/globalpovertysolutions.ca\/_sys\/wp-content\/uploads\/2020\/01\/header-15-2048x665.jpg 2048w\" sizes=\"(max-width: 2545px) 100vw, 2545px\" \/>\t\t\t\t\t\t\t\t\t\t\t\t\t\t<\/div>\n\t\t\t\t\t\t<\/div>\n\t\t\t\t<\/div>\n\t\t\t\t\t\t<\/div>\n\t\t\t\t\t<\/div>\n\t\t<\/div>\n\t\t\t\t\t\t\t\t<\/div>\n\t\t\t\t\t<\/div>\n\t\t<\/section>\n\t\t\t\t<section class=\"elementor-section elementor-top-section elementor-element elementor-element-e0d85c4 elementor-section-boxed elementor-section-height-default elementor-section-height-default\" data-id=\"e0d85c4\" data-element_type=\"section\">\n\t\t\t\t\t\t<div class=\"elementor-container elementor-column-gap-default\">\n\t\t\t\t\t\t\t<div class=\"elementor-row\">\n\t\t\t\t\t<div class=\"elementor-column elementor-col-100 elementor-top-column elementor-element elementor-element-b28f7de\" data-id=\"b28f7de\" data-element_type=\"column\">\n\t\t\t<div class=\"elementor-column-wrap elementor-element-populated\">\n\t\t\t\t\t\t\t<div class=\"elementor-widget-wrap\">\n\t\t\t\t\t\t<div class=\"elementor-element elementor-element-760f4c4 elementor-widget elementor-widget-heading\" data-id=\"760f4c4\" data-element_type=\"widget\" data-widget_type=\"heading.default\">\n\t\t\t\t<div class=\"elementor-widget-container\">\n\t\t\t<h2 class=\"elementor-heading-title elementor-size-default\">Soutenez notre travail<\/h2>\t\t<\/div>\n\t\t\t\t<\/div>\n\t\t\t\t<div class=\"elementor-element elementor-element-38a9c3f elementor-widget elementor-widget-text-editor\" data-id=\"38a9c3f\" data-element_type=\"widget\" data-widget_type=\"text-editor.default\">\n\t\t\t\t<div class=\"elementor-widget-container\">\n\t\t\t\t\t\t\t\t<div class=\"elementor-text-editor elementor-clearfix\">\n\t\t\t\t<p>Si vous appuyez l\u2019\u00e9limination de la pauvret\u00e9 mondiale et de la souffrance inutile, veuillez envisager de soutenir notre travail.<br \/>Donnez maintenant par l&#8217;<a href=\"https:\/\/www.canadahelps.org\/en\/\" target=\"_blank\" rel=\"noopener\">entremise de CanaDon<\/a>:<\/p>\t\t\t\t\t<\/div>\n\t\t\t\t\t\t<\/div>\n\t\t\t\t<\/div>\n\t\t\t\t<div class=\"elementor-element elementor-element-7ebaaa6 elementor-widget elementor-widget-image\" data-id=\"7ebaaa6\" data-element_type=\"widget\" data-widget_type=\"image.default\">\n\t\t\t\t<div class=\"elementor-widget-container\">\n\t\t\t\t\t\t\t\t<div class=\"elementor-image\">\n\t\t\t\t\t\t\t\t\t\t\t\t\t<a href=\"http:\/\/www.canadahelps.org\/CharityProfilePage.aspx?CharityID=d80262\" target=\"_blank\">\n\t\t\t\t\t\t\t<img width=\"152\" height=\"67\" src=\"http:\/\/globalpovertysolutions.ca\/_sys\/wp-content\/uploads\/2020\/01\/donateNow2b1.jpg\" class=\"attachment-large size-large\" alt=\"\" loading=\"lazy\" srcset=\"http:\/\/globalpovertysolutions.ca\/_sys\/wp-content\/uploads\/2020\/01\/donateNow2b1.jpg 152w, http:\/\/globalpovertysolutions.ca\/_sys\/wp-content\/uploads\/2020\/01\/donateNow2b1-150x67.jpg 150w\" sizes=\"(max-width: 152px) 100vw, 152px\" \/>\t\t\t\t\t\t\t\t<\/a>\n\t\t\t\t\t\t\t\t\t\t\t\t\t\t<\/div>\n\t\t\t\t\t\t<\/div>\n\t\t\t\t<\/div>\n\t\t\t\t<div class=\"elementor-element elementor-element-175fb0b elementor-widget elementor-widget-text-editor\" data-id=\"175fb0b\" data-element_type=\"widget\" data-widget_type=\"text-editor.default\">\n\t\t\t\t<div class=\"elementor-widget-container\">\n\t\t\t\t\t\t\t\t<div class=\"elementor-text-editor elementor-clearfix\">\n\t\t\t\t<p>Ou:<\/p>\n<p>Veuillez libeller votre ch\u00e8que au nom de Solutions \u00e0 la pauvret\u00e9 mondiale et le poster \u00e0 :<\/p>\n<p><strong>Solutions \u00e0 la pauvret\u00e9 mondiale <\/strong><br>\n<strong>905-280 Albert Street<\/strong><br>\n<strong>Ottawa ON<\/strong><br>\n<strong>K1P 5G8<\/strong><\/p>\n<p>T\u00e9l\u00e9phone : 613-562-3309&nbsp;<\/p>\n<p>Solutions \u00e0 la pauvret\u00e9 mondiale est un organisme de bienfaisance enregistr\u00e9 au Canada (no. 881850911RR0001). Des re\u00e7us d\u2019imp\u00f4ts officiels sont \u00e9mis pour tout don de plus de 20 $.<br>\nPour en savoir plus sur Solutions \u00e0 la pauvret\u00e9 mondiale, veuillez consulter le formulaire T3010, D\u00e9claration de renseignements des organismes de bienfaisance enregistr\u00e9s, # d\u2019enregistrement 881850911RR0001, au <a href=\"https:\/\/apps.cra-arc.gc.ca\/ebci\/hacc\/srch\/pub\/dsplyRprtngPrd?q.srchNm=solutions+pauvret%26eacute%3B+mondiale&amp;q.stts=0007&amp;selectedCharityBn=881850911RR0001&amp;dsrdPg=1\" target=\"_blank\">site web<\/a> de la Direction des organismes de bienfaisance.<\/p>\t\t\t\t\t<\/div>\n\t\t\t\t\t\t<\/div>\n\t\t\t\t<\/div>\n\t\t\t\t\t\t<\/div>\n\t\t\t\t\t<\/div>\n\t\t<\/div>\n\t\t\t\t\t\t\t\t<\/div>\n\t\t\t\t\t<\/div>\n\t\t<\/section>\n\t\t\t\t\t\t\t\t\t<\/div>\n\t\t\t<\/div>\n\t\t\t\t\t<\/div>\n\t\t","protected":false},"excerpt":{"rendered":"<p>Soutenez notre travail Si vous appuyez l\u2019\u00e9limination de la pauvret\u00e9 mondiale et de la souffrance inutile, veuillez envisager de soutenir notre travail.Donnez maintenant par l&#8217;entremise de CanaDon: Ou: Veuillez libeller votre ch\u00e8que au nom de Solutions \u00e0 la pauvret\u00e9 mondiale et le poster \u00e0 : Solutions \u00e0 la pauvret\u00e9 mondiale 905-280 Albert Street Ottawa ON [&hellip;]<\/p>\n","protected":false},"author":1,"featured_media":0,"parent":0,"menu_order":0,"comment_status":"closed","ping_status":"closed","template":"elementor_header_footer","meta":[],"_links":{"self":[{"href":"http:\/\/globalpovertysolutions.ca\/_sys\/wp-json\/wp\/v2\/pages\/955"}],"collection":[{"href":"http:\/\/globalpovertysolutions.ca\/_sys\/wp-json\/wp\/v2\/pages"}],"about":[{"href":"http:\/\/globalpovertysolutions.ca\/_sys\/wp-json\/wp\/v2\/types\/page"}],"author":[{"embeddable":true,"href":"http:\/\/globalpovertysolutions.ca\/_sys\/wp-json\/wp\/v2\/users\/1"}],"replies":[{"embeddable":true,"href":"http:\/\/globalpovertysolutions.ca\/_sys\/wp-json\/wp\/v2\/comments?post=955"}],"version-history":[{"count":5,"href":"http:\/\/globalpovertysolutions.ca\/_sys\/wp-json\/wp\/v2\/pages\/955\/revisions"}],"predecessor-version":[{"id":1123,"href":"http:\/\/globalpovertysolutions.ca\/_sys\/wp-json\/wp\/v2\/pages\/955\/revisions\/1123"}],"wp:attachment":[{"href":"http:\/\/globalpovertysolutions.ca\/_sys\/wp-json\/wp\/v2\/media?parent=955"}],"curies":[{"name":"wp","href":"https:\/\/api.w.org\/{rel}","templated":true}]}}